{"id":102048,"date":"2021-09-11T11:18:28","date_gmt":"2021-09-11T09:18:28","guid":{"rendered":"http:\/\/www.aromas-institut.lu\/?page_id=102048"},"modified":"2021-09-16T20:45:52","modified_gmt":"2021-09-16T18:45:52","slug":"toussoins","status":"publish","type":"page","link":"http:\/\/www.aromas-institut.lu\/?page_id=102048","title":{"rendered":"Tous les soins"},"content":{"rendered":"<div class=\"wpb-content-wrapper\"><p>[vc_row row_height_percent=\u00a0\u00bb0&Prime; override_padding=\u00a0\u00bbyes\u00a0\u00bb h_padding=\u00a0\u00bb2&Prime; top_padding=\u00a0\u00bb3&Prime; bottom_padding=\u00a0\u00bb5&Prime; back_image=\u00a0\u00bb100922&Prime; back_position=\u00a0\u00bbcenter top\u00a0\u00bb parallax=\u00a0\u00bbyes\u00a0\u00bb overlay_color=\u00a0\u00bbcolor-xsdn\u00a0\u00bb overlay_alpha=\u00a0\u00bb30&Prime; gutter_size=\u00a0\u00bb3&Prime; column_width_percent=\u00a0\u00bb100&Prime; shift_y=\u00a0\u00bb0&Prime; z_index=\u00a0\u00bb0&Prime; uncode_shortcode_id=\u00a0\u00bb995862&Prime; back_size=\u00a0\u00bbinitial\u00a0\u00bb overlay_color_type=\u00a0\u00bbuncode-palette\u00a0\u00bb][vc_column column_width_percent=\u00a0\u00bb100&Prime; align_horizontal=\u00a0\u00bbalign_center\u00a0\u00bb gutter_size=\u00a0\u00bb3&Prime; overlay_alpha=\u00a0\u00bb50&Prime; shift_x=\u00a0\u00bb0&Prime; shift_y=\u00a0\u00bb0&Prime; shift_y_down=\u00a0\u00bb0&Prime; z_index=\u00a0\u00bb0&Prime; medium_width=\u00a0\u00bb0&Prime; mobile_width=\u00a0\u00bb0&Prime; width=\u00a0\u00bb1\/1&Prime; uncode_shortcode_id=\u00a0\u00bb192842&Prime;][vc_empty_space empty_h=\u00a0\u00bb4&Prime; desktop_visibility=\u00a0\u00bbyes\u00a0\u00bb medium_visibility=\u00a0\u00bbyes\u00a0\u00bb][vc_custom_heading text_color=\u00a0\u00bbaccent\u00a0\u00bb heading_semantic=\u00a0\u00bbh3&Prime; text_size=\u00a0\u00bb\u00a0\u00bb text_weight=\u00a0\u00bb300&Prime; css_animation=\u00a0\u00bbcurtain\u00a0\u00bb animation_speed=\u00a0\u00bb800&Prime; uncode_shortcode_id=\u00a0\u00bb119992&Prime; text_color_type=\u00a0\u00bbuncode-palette\u00a0\u00bb]tous nos soins[\/vc_custom_heading][uncode_index el_id=\u00a0\u00bbindex-864773418&Prime; loop=\u00a0\u00bbsize:20|order_by:date|order:ASC|post_type:portfolio|taxonomy_count:10&Prime; gutter_size=\u00a0\u00bb4&Prime; post_items=\u00a0\u00bbmedia|featured|onpost|poster,date,title,text|excerpt|90,category|bordered|topright|hide-icon\u00a0\u00bb portfolio_items=\u00a0\u00bbmedia|featured|onpost|original,title\u00a0\u00bb screen_lg=\u00a0\u00bb1000&Prime; screen_md=\u00a0\u00bb600&Prime; screen_sm=\u00a0\u00bb480&Prime; single_overlay_opacity=\u00a0\u00bb1&Prime; single_overlay_anim=\u00a0\u00bbno\u00a0\u00bb single_text_anim=\u00a0\u00bbno\u00a0\u00bb single_image_color_anim=\u00a0\u00bbyes\u00a0\u00bb single_image_anim=\u00a0\u00bbno\u00a0\u00bb single_h_align=\u00a0\u00bbcenter\u00a0\u00bb single_padding=\u00a0\u00bb2&Prime; single_title_semantic=\u00a0\u00bbh4&Prime; single_title_dimension=\u00a0\u00bbh5&Prime; single_title_weight=\u00a0\u00bb300&Prime; single_title_transform=\u00a0\u00bbuppercase\u00a0\u00bb single_border=\u00a0\u00bbyes\u00a0\u00bb single_css_animation=\u00a0\u00bbbottom-t-top\u00a0\u00bb custom_cursor=\u00a0\u00bbaccent\u00a0\u00bb uncode_shortcode_id=\u00a0\u00bb145774&Prime; items=\u00a0\u00bbeyIxMDA5MDRfaSI6eyJzaW5nbGVfcGFyYWxsYXhfaW50ZW5zaXR5IjoiMiJ9LCIxMDEwNDhfaSI6eyJzaW5nbGVfcGFyYWxsYXhfaW50ZW5zaXR5IjoiMyJ9fQ==\u00a0\u00bb][\/vc_column][\/vc_row]<\/p>\n<\/div>","protected":false},"excerpt":{"rendered":"<p>[vc_row row_height_percent=\u00a0\u00bb0&Prime; override_padding=\u00a0\u00bbyes\u00a0\u00bb h_padding=\u00a0\u00bb2&Prime; top_padding=\u00a0\u00bb3&Prime; bottom_padding=\u00a0\u00bb5&Prime; back_image=\u00a0\u00bb100922&Prime; back_position=\u00a0\u00bbcenter top\u00a0\u00bb parallax=\u00a0\u00bbyes\u00a0\u00bb overlay_color=\u00a0\u00bbcolor-xsdn\u00a0\u00bb overlay_alpha=\u00a0\u00bb30&Prime; gutter_size=\u00a0\u00bb3&Prime; column_width_percent=\u00a0\u00bb100&Prime; shift_y=\u00a0\u00bb0&Prime; z_index=\u00a0\u00bb0&Prime; uncode_shortcode_id=\u00a0\u00bb995862&Prime; back_size=\u00a0\u00bbinitial\u00a0\u00bb overlay_color_type=\u00a0\u00bbuncode-palette\u00a0\u00bb][vc_column column_width_percent=\u00a0\u00bb100&Prime; [&hellip;]<\/p>\n","protected":false},"author":1,"featured_media":0,"parent":0,"menu_order":0,"comment_status":"closed","ping_status":"closed","template":"","meta":{"footnotes":""},"class_list":["post-102048","page","type-page","status-publish","hentry"],"yoast_head":"<!-- This site is optimized with the Yoast SEO plugin v21.7 - https:\/\/yoast.com\/wordpress\/plugins\/seo\/ -->\n<title>Tous les soins - Aromas - Institut de beaut\u00e9<\/title>\n<meta name=\"robots\" content=\"index, follow, max-snippet:-1, max-image-preview:large, max-video-preview:-1\" \/>\n<link rel=\"canonical\" href=\"http:\/\/www.aromas-institut.lu\/?page_id=102048\" \/>\n<meta property=\"og:locale\" content=\"fr_FR\" \/>\n<meta property=\"og:type\" content=\"article\" \/>\n<meta property=\"og:title\" content=\"Tous les soins - Aromas - Institut de beaut\u00e9\" \/>\n<meta property=\"og:description\" content=\"[vc_row row_height_percent=\u00a0\u00bb0&Prime; override_padding=\u00a0\u00bbyes\u00a0\u00bb h_padding=\u00a0\u00bb2&Prime; top_padding=\u00a0\u00bb3&Prime; bottom_padding=\u00a0\u00bb5&Prime; back_image=\u00a0\u00bb100922&Prime; back_position=\u00a0\u00bbcenter top\u00a0\u00bb parallax=\u00a0\u00bbyes\u00a0\u00bb overlay_color=\u00a0\u00bbcolor-xsdn\u00a0\u00bb overlay_alpha=\u00a0\u00bb30&Prime; gutter_size=\u00a0\u00bb3&Prime; column_width_percent=\u00a0\u00bb100&Prime; shift_y=\u00a0\u00bb0&Prime; z_index=\u00a0\u00bb0&Prime; uncode_shortcode_id=\u00a0\u00bb995862&Prime; back_size=\u00a0\u00bbinitial\u00a0\u00bb overlay_color_type=\u00a0\u00bbuncode-palette\u00a0\u00bb][vc_column column_width_percent=\u00a0\u00bb100&Prime; [&hellip;]\" \/>\n<meta property=\"og:url\" content=\"http:\/\/www.aromas-institut.lu\/?page_id=102048\" \/>\n<meta property=\"og:site_name\" content=\"Aromas - Institut de beaut\u00e9\" \/>\n<meta property=\"article:modified_time\" content=\"2021-09-16T18:45:52+00:00\" \/>\n<meta name=\"twitter:card\" content=\"summary_large_image\" \/>\n<meta name=\"twitter:label1\" content=\"Dur\u00e9e de lecture estim\u00e9e\" \/>\n\t<meta name=\"twitter:data1\" content=\"1 minute\" \/>\n<script type=\"application\/ld+json\" class=\"yoast-schema-graph\">{\"@context\":\"https:\/\/schema.org\",\"@graph\":[{\"@type\":\"WebPage\",\"@id\":\"http:\/\/www.aromas-institut.lu\/?page_id=102048\",\"url\":\"http:\/\/www.aromas-institut.lu\/?page_id=102048\",\"name\":\"Tous les soins - Aromas - Institut de beaut\u00e9\",\"isPartOf\":{\"@id\":\"http:\/\/www.aromas-institut.lu\/#website\"},\"datePublished\":\"2021-09-11T09:18:28+00:00\",\"dateModified\":\"2021-09-16T18:45:52+00:00\",\"breadcrumb\":{\"@id\":\"http:\/\/www.aromas-institut.lu\/?page_id=102048#breadcrumb\"},\"inLanguage\":\"fr-FR\",\"potentialAction\":[{\"@type\":\"ReadAction\",\"target\":[\"http:\/\/www.aromas-institut.lu\/?page_id=102048\"]}]},{\"@type\":\"BreadcrumbList\",\"@id\":\"http:\/\/www.aromas-institut.lu\/?page_id=102048#breadcrumb\",\"itemListElement\":[{\"@type\":\"ListItem\",\"position\":1,\"name\":\"Accueil\",\"item\":\"http:\/\/www.aromas-institut.lu\/\"},{\"@type\":\"ListItem\",\"position\":2,\"name\":\"Tous les soins\"}]},{\"@type\":\"WebSite\",\"@id\":\"http:\/\/www.aromas-institut.lu\/#website\",\"url\":\"http:\/\/www.aromas-institut.lu\/\",\"name\":\"Aromas - institut de beaut\u00e9\",\"description\":\"Differdange\",\"publisher\":{\"@id\":\"http:\/\/www.aromas-institut.lu\/#organization\"},\"potentialAction\":[{\"@type\":\"SearchAction\",\"target\":{\"@type\":\"EntryPoint\",\"urlTemplate\":\"http:\/\/www.aromas-institut.lu\/?s={search_term_string}\"},\"query-input\":\"required name=search_term_string\"}],\"inLanguage\":\"fr-FR\"},{\"@type\":\"Organization\",\"@id\":\"http:\/\/www.aromas-institut.lu\/#organization\",\"name\":\"Aromas - institut de beaut\u00e9\",\"url\":\"http:\/\/www.aromas-institut.lu\/\",\"logo\":{\"@type\":\"ImageObject\",\"inLanguage\":\"fr-FR\",\"@id\":\"http:\/\/www.aromas-institut.lu\/#\/schema\/logo\/image\/\",\"url\":\"http:\/\/www.aromas-institut.lu\/wp-content\/uploads\/2021\/08\/aromas.svg\",\"contentUrl\":\"http:\/\/www.aromas-institut.lu\/wp-content\/uploads\/2021\/08\/aromas.svg\",\"width\":1,\"height\":1,\"caption\":\"Aromas - institut de beaut\u00e9\"},\"image\":{\"@id\":\"http:\/\/www.aromas-institut.lu\/#\/schema\/logo\/image\/\"}}]}<\/script>\n<!-- \/ Yoast SEO plugin. -->","yoast_head_json":{"title":"Tous les soins - Aromas - Institut de beaut\u00e9","robots":{"index":"index","follow":"follow","max-snippet":"max-snippet:-1","max-image-preview":"max-image-preview:large","max-video-preview":"max-video-preview:-1"},"canonical":"http:\/\/www.aromas-institut.lu\/?page_id=102048","og_locale":"fr_FR","og_type":"article","og_title":"Tous les soins - Aromas - Institut de beaut\u00e9","og_description":"[vc_row row_height_percent=\u00a0\u00bb0&Prime; override_padding=\u00a0\u00bbyes\u00a0\u00bb h_padding=\u00a0\u00bb2&Prime; top_padding=\u00a0\u00bb3&Prime; bottom_padding=\u00a0\u00bb5&Prime; back_image=\u00a0\u00bb100922&Prime; back_position=\u00a0\u00bbcenter top\u00a0\u00bb parallax=\u00a0\u00bbyes\u00a0\u00bb overlay_color=\u00a0\u00bbcolor-xsdn\u00a0\u00bb overlay_alpha=\u00a0\u00bb30&Prime; gutter_size=\u00a0\u00bb3&Prime; column_width_percent=\u00a0\u00bb100&Prime; shift_y=\u00a0\u00bb0&Prime; z_index=\u00a0\u00bb0&Prime; uncode_shortcode_id=\u00a0\u00bb995862&Prime; back_size=\u00a0\u00bbinitial\u00a0\u00bb overlay_color_type=\u00a0\u00bbuncode-palette\u00a0\u00bb][vc_column column_width_percent=\u00a0\u00bb100&Prime; [&hellip;]","og_url":"http:\/\/www.aromas-institut.lu\/?page_id=102048","og_site_name":"Aromas - Institut de beaut\u00e9","article_modified_time":"2021-09-16T18:45:52+00:00","twitter_card":"summary_large_image","twitter_misc":{"Dur\u00e9e de lecture estim\u00e9e":"1 minute"},"schema":{"@context":"https:\/\/schema.org","@graph":[{"@type":"WebPage","@id":"http:\/\/www.aromas-institut.lu\/?page_id=102048","url":"http:\/\/www.aromas-institut.lu\/?page_id=102048","name":"Tous les soins - Aromas - Institut de beaut\u00e9","isPartOf":{"@id":"http:\/\/www.aromas-institut.lu\/#website"},"datePublished":"2021-09-11T09:18:28+00:00","dateModified":"2021-09-16T18:45:52+00:00","breadcrumb":{"@id":"http:\/\/www.aromas-institut.lu\/?page_id=102048#breadcrumb"},"inLanguage":"fr-FR","potentialAction":[{"@type":"ReadAction","target":["http:\/\/www.aromas-institut.lu\/?page_id=102048"]}]},{"@type":"BreadcrumbList","@id":"http:\/\/www.aromas-institut.lu\/?page_id=102048#breadcrumb","itemListElement":[{"@type":"ListItem","position":1,"name":"Accueil","item":"http:\/\/www.aromas-institut.lu\/"},{"@type":"ListItem","position":2,"name":"Tous les soins"}]},{"@type":"WebSite","@id":"http:\/\/www.aromas-institut.lu\/#website","url":"http:\/\/www.aromas-institut.lu\/","name":"Aromas - institut de beaut\u00e9","description":"Differdange","publisher":{"@id":"http:\/\/www.aromas-institut.lu\/#organization"},"potentialAction":[{"@type":"SearchAction","target":{"@type":"EntryPoint","urlTemplate":"http:\/\/www.aromas-institut.lu\/?s={search_term_string}"},"query-input":"required name=search_term_string"}],"inLanguage":"fr-FR"},{"@type":"Organization","@id":"http:\/\/www.aromas-institut.lu\/#organization","name":"Aromas - institut de beaut\u00e9","url":"http:\/\/www.aromas-institut.lu\/","logo":{"@type":"ImageObject","inLanguage":"fr-FR","@id":"http:\/\/www.aromas-institut.lu\/#\/schema\/logo\/image\/","url":"http:\/\/www.aromas-institut.lu\/wp-content\/uploads\/2021\/08\/aromas.svg","contentUrl":"http:\/\/www.aromas-institut.lu\/wp-content\/uploads\/2021\/08\/aromas.svg","width":1,"height":1,"caption":"Aromas - institut de beaut\u00e9"},"image":{"@id":"http:\/\/www.aromas-institut.lu\/#\/schema\/logo\/image\/"}}]}},"_links":{"self":[{"href":"http:\/\/www.aromas-institut.lu\/index.php?rest_route=\/wp\/v2\/pages\/102048","targetHints":{"allow":["GET"]}}],"collection":[{"href":"http:\/\/www.aromas-institut.lu\/index.php?rest_route=\/wp\/v2\/pages"}],"about":[{"href":"http:\/\/www.aromas-institut.lu\/index.php?rest_route=\/wp\/v2\/types\/page"}],"author":[{"embeddable":true,"href":"http:\/\/www.aromas-institut.lu\/index.php?rest_route=\/wp\/v2\/users\/1"}],"replies":[{"embeddable":true,"href":"http:\/\/www.aromas-institut.lu\/index.php?rest_route=%2Fwp%2Fv2%2Fcomments&post=102048"}],"version-history":[{"count":14,"href":"http:\/\/www.aromas-institut.lu\/index.php?rest_route=\/wp\/v2\/pages\/102048\/revisions"}],"predecessor-version":[{"id":102138,"href":"http:\/\/www.aromas-institut.lu\/index.php?rest_route=\/wp\/v2\/pages\/102048\/revisions\/102138"}],"wp:attachment":[{"href":"http:\/\/www.aromas-institut.lu\/index.php?rest_route=%2Fwp%2Fv2%2Fmedia&parent=102048"}],"curies":[{"name":"wp","href":"https:\/\/api.w.org\/{rel}","templated":true}]}}