{"id":102071,"date":"2021-09-13T12:50:49","date_gmt":"2021-09-13T10:50:49","guid":{"rendered":"http:\/\/www.aromas-institut.lu\/?page_id=102071"},"modified":"2021-09-13T18:20:59","modified_gmt":"2021-09-13T16:20:59","slug":"plan-dacces","status":"publish","type":"page","link":"http:\/\/www.aromas-institut.lu\/?page_id=102071","title":{"rendered":"Plan d&rsquo;acc\u00e8s"},"content":{"rendered":"<div class=\"wpb-content-wrapper\"><p>[vc_row row_height_percent=\u00a0\u00bb0&Prime; override_padding=\u00a0\u00bbyes\u00a0\u00bb h_padding=\u00a0\u00bb2&Prime; top_padding=\u00a0\u00bb2&Prime; bottom_padding=\u00a0\u00bb0&Prime; overlay_alpha=\u00a0\u00bb50&Prime; gutter_size=\u00a0\u00bb3&Prime; column_width_percent=\u00a0\u00bb100&Prime; shift_y=\u00a0\u00bb0&Prime; z_index=\u00a0\u00bb0&Prime; uncode_shortcode_id=\u00a0\u00bb215265&Prime; row_height_pixel=\u00a0\u00bb100&Prime;][vc_column width=\u00a0\u00bb1\/1&Prime;][vc_empty_space empty_h=\u00a0\u00bb5&Prime; desktop_visibility=\u00a0\u00bbyes\u00a0\u00bb medium_visibility=\u00a0\u00bbyes\u00a0\u00bb][\/vc_column][\/vc_row][vc_row unlock_row_content=\u00a0\u00bbyes\u00a0\u00bb row_height_percent=\u00a0\u00bb65&Prime; override_padding=\u00a0\u00bbyes\u00a0\u00bb h_padding=\u00a0\u00bb0&Prime; top_padding=\u00a0\u00bb0&Prime; bottom_padding=\u00a0\u00bb0&Prime; overlay_alpha=\u00a0\u00bb50&Prime; gutter_size=\u00a0\u00bb3&Prime; column_width_percent=\u00a0\u00bb100&Prime; shift_y=\u00a0\u00bb0&Prime; z_index=\u00a0\u00bb0&Prime; uncode_shortcode_id=\u00a0\u00bb916203&Prime; row_height_pixel=\u00a0\u00bb600&Prime;][vc_column column_width_percent=\u00a0\u00bb100&Prime; gutter_size=\u00a0\u00bb3&Prime; expand_height=\u00a0\u00bbyes\u00a0\u00bb overlay_alpha=\u00a0\u00bb50&Prime; shift_x=\u00a0\u00bb0&Prime; shift_y=\u00a0\u00bb0&Prime; shift_y_down=\u00a0\u00bb0&Prime; z_index=\u00a0\u00bb0&Prime; medium_width=\u00a0\u00bb0&Prime; mobile_width=\u00a0\u00bb0&Prime; width=\u00a0\u00bb1\/1&Prime; uncode_shortcode_id=\u00a0\u00bb109515&Prime;][vc_gmaps map_color=\u00a0\u00bbaccent\u00a0\u00bb ui_color=\u00a0\u00bbaccent\u00a0\u00bb zoom=\u00a0\u00bb18&Prime; map_saturation=\u00a0\u00bb-100&Prime; map_brightness=\u00a0\u00bb5&Prime; uncode_shortcode_id=\u00a0\u00bb204171&Prime; latlon=\u00a0\u00bb49.5234794, 5.8887118&Prime; map_color_type=\u00a0\u00bbuncode-palette\u00a0\u00bb ui_color_type=\u00a0\u00bbuncode-palette\u00a0\u00bb][\/vc_column][\/vc_row]<\/p>\n<\/div>","protected":false},"excerpt":{"rendered":"<p>[vc_row row_height_percent=\u00a0\u00bb0&Prime; override_padding=\u00a0\u00bbyes\u00a0\u00bb h_padding=\u00a0\u00bb2&Prime; top_padding=\u00a0\u00bb2&Prime; bottom_padding=\u00a0\u00bb0&Prime; overlay_alpha=\u00a0\u00bb50&Prime; gutter_size=\u00a0\u00bb3&Prime; column_width_percent=\u00a0\u00bb100&Prime; shift_y=\u00a0\u00bb0&Prime; z_index=\u00a0\u00bb0&Prime; uncode_shortcode_id=\u00a0\u00bb215265&Prime; row_height_pixel=\u00a0\u00bb100&Prime;][vc_column width=\u00a0\u00bb1\/1&Prime;][vc_empty_space empty_h=\u00a0\u00bb5&Prime; desktop_visibility=\u00a0\u00bbyes\u00a0\u00bb medium_visibility=\u00a0\u00bbyes\u00a0\u00bb][\/vc_column][\/vc_row][vc_row unlock_row_content=\u00a0\u00bbyes\u00a0\u00bb row_height_percent=\u00a0\u00bb65&Prime; override_padding=\u00a0\u00bbyes\u00a0\u00bb [&hellip;]<\/p>\n","protected":false},"author":1,"featured_media":0,"parent":0,"menu_order":0,"comment_status":"closed","ping_status":"closed","template":"","meta":{"footnotes":""},"class_list":["post-102071","page","type-page","status-publish","hentry"],"yoast_head":"<!-- This site is optimized with the Yoast SEO plugin v21.7 - https:\/\/yoast.com\/wordpress\/plugins\/seo\/ -->\n<title>Plan d&#039;acc\u00e8s - Aromas - Institut de beaut\u00e9<\/title>\n<meta name=\"robots\" content=\"index, follow, max-snippet:-1, max-image-preview:large, max-video-preview:-1\" \/>\n<link rel=\"canonical\" href=\"http:\/\/www.aromas-institut.lu\/?page_id=102071\" \/>\n<meta property=\"og:locale\" content=\"fr_FR\" \/>\n<meta property=\"og:type\" content=\"article\" \/>\n<meta property=\"og:title\" content=\"Plan d&#039;acc\u00e8s - Aromas - Institut de beaut\u00e9\" \/>\n<meta property=\"og:description\" content=\"[vc_row row_height_percent=\u00a0\u00bb0&Prime; override_padding=\u00a0\u00bbyes\u00a0\u00bb h_padding=\u00a0\u00bb2&Prime; top_padding=\u00a0\u00bb2&Prime; bottom_padding=\u00a0\u00bb0&Prime; overlay_alpha=\u00a0\u00bb50&Prime; gutter_size=\u00a0\u00bb3&Prime; column_width_percent=\u00a0\u00bb100&Prime; shift_y=\u00a0\u00bb0&Prime; z_index=\u00a0\u00bb0&Prime; uncode_shortcode_id=\u00a0\u00bb215265&Prime; row_height_pixel=\u00a0\u00bb100&Prime;][vc_column width=\u00a0\u00bb1\/1&Prime;][vc_empty_space empty_h=\u00a0\u00bb5&Prime; desktop_visibility=\u00a0\u00bbyes\u00a0\u00bb medium_visibility=\u00a0\u00bbyes\u00a0\u00bb][\/vc_column][\/vc_row][vc_row unlock_row_content=\u00a0\u00bbyes\u00a0\u00bb row_height_percent=\u00a0\u00bb65&Prime; override_padding=\u00a0\u00bbyes\u00a0\u00bb [&hellip;]\" \/>\n<meta property=\"og:url\" content=\"http:\/\/www.aromas-institut.lu\/?page_id=102071\" \/>\n<meta property=\"og:site_name\" content=\"Aromas - Institut de beaut\u00e9\" \/>\n<meta property=\"article:modified_time\" content=\"2021-09-13T16:20:59+00:00\" \/>\n<meta name=\"twitter:card\" content=\"summary_large_image\" \/>\n<meta name=\"twitter:label1\" content=\"Dur\u00e9e de lecture estim\u00e9e\" \/>\n\t<meta name=\"twitter:data1\" content=\"1 minute\" \/>\n<script type=\"application\/ld+json\" class=\"yoast-schema-graph\">{\"@context\":\"https:\/\/schema.org\",\"@graph\":[{\"@type\":\"WebPage\",\"@id\":\"http:\/\/www.aromas-institut.lu\/?page_id=102071\",\"url\":\"http:\/\/www.aromas-institut.lu\/?page_id=102071\",\"name\":\"Plan d'acc\u00e8s - Aromas - Institut de beaut\u00e9\",\"isPartOf\":{\"@id\":\"https:\/\/www.aromas-institut.lu\/#website\"},\"datePublished\":\"2021-09-13T10:50:49+00:00\",\"dateModified\":\"2021-09-13T16:20:59+00:00\",\"breadcrumb\":{\"@id\":\"http:\/\/www.aromas-institut.lu\/?page_id=102071#breadcrumb\"},\"inLanguage\":\"fr-FR\",\"potentialAction\":[{\"@type\":\"ReadAction\",\"target\":[\"http:\/\/www.aromas-institut.lu\/?page_id=102071\"]}]},{\"@type\":\"BreadcrumbList\",\"@id\":\"http:\/\/www.aromas-institut.lu\/?page_id=102071#breadcrumb\",\"itemListElement\":[{\"@type\":\"ListItem\",\"position\":1,\"name\":\"Accueil\",\"item\":\"https:\/\/www.aromas-institut.lu\/\"},{\"@type\":\"ListItem\",\"position\":2,\"name\":\"Plan d&rsquo;acc\u00e8s\"}]},{\"@type\":\"WebSite\",\"@id\":\"https:\/\/www.aromas-institut.lu\/#website\",\"url\":\"https:\/\/www.aromas-institut.lu\/\",\"name\":\"Aromas - institut de beaut\u00e9\",\"description\":\"Differdange\",\"publisher\":{\"@id\":\"https:\/\/www.aromas-institut.lu\/#organization\"},\"potentialAction\":[{\"@type\":\"SearchAction\",\"target\":{\"@type\":\"EntryPoint\",\"urlTemplate\":\"https:\/\/www.aromas-institut.lu\/?s={search_term_string}\"},\"query-input\":\"required name=search_term_string\"}],\"inLanguage\":\"fr-FR\"},{\"@type\":\"Organization\",\"@id\":\"https:\/\/www.aromas-institut.lu\/#organization\",\"name\":\"Aromas - institut de beaut\u00e9\",\"url\":\"https:\/\/www.aromas-institut.lu\/\",\"logo\":{\"@type\":\"ImageObject\",\"inLanguage\":\"fr-FR\",\"@id\":\"https:\/\/www.aromas-institut.lu\/#\/schema\/logo\/image\/\",\"url\":\"http:\/\/www.aromas-institut.lu\/wp-content\/uploads\/2021\/08\/aromas.svg\",\"contentUrl\":\"http:\/\/www.aromas-institut.lu\/wp-content\/uploads\/2021\/08\/aromas.svg\",\"width\":1,\"height\":1,\"caption\":\"Aromas - institut de beaut\u00e9\"},\"image\":{\"@id\":\"https:\/\/www.aromas-institut.lu\/#\/schema\/logo\/image\/\"}}]}<\/script>\n<!-- \/ Yoast SEO plugin. -->","yoast_head_json":{"title":"Plan d'acc\u00e8s - Aromas - Institut de beaut\u00e9","robots":{"index":"index","follow":"follow","max-snippet":"max-snippet:-1","max-image-preview":"max-image-preview:large","max-video-preview":"max-video-preview:-1"},"canonical":"http:\/\/www.aromas-institut.lu\/?page_id=102071","og_locale":"fr_FR","og_type":"article","og_title":"Plan d'acc\u00e8s - Aromas - Institut de beaut\u00e9","og_description":"[vc_row row_height_percent=\u00a0\u00bb0&Prime; override_padding=\u00a0\u00bbyes\u00a0\u00bb h_padding=\u00a0\u00bb2&Prime; top_padding=\u00a0\u00bb2&Prime; bottom_padding=\u00a0\u00bb0&Prime; overlay_alpha=\u00a0\u00bb50&Prime; gutter_size=\u00a0\u00bb3&Prime; column_width_percent=\u00a0\u00bb100&Prime; shift_y=\u00a0\u00bb0&Prime; z_index=\u00a0\u00bb0&Prime; uncode_shortcode_id=\u00a0\u00bb215265&Prime; row_height_pixel=\u00a0\u00bb100&Prime;][vc_column width=\u00a0\u00bb1\/1&Prime;][vc_empty_space empty_h=\u00a0\u00bb5&Prime; desktop_visibility=\u00a0\u00bbyes\u00a0\u00bb medium_visibility=\u00a0\u00bbyes\u00a0\u00bb][\/vc_column][\/vc_row][vc_row unlock_row_content=\u00a0\u00bbyes\u00a0\u00bb row_height_percent=\u00a0\u00bb65&Prime; override_padding=\u00a0\u00bbyes\u00a0\u00bb [&hellip;]","og_url":"http:\/\/www.aromas-institut.lu\/?page_id=102071","og_site_name":"Aromas - Institut de beaut\u00e9","article_modified_time":"2021-09-13T16:20:59+00:00","twitter_card":"summary_large_image","twitter_misc":{"Dur\u00e9e de lecture estim\u00e9e":"1 minute"},"schema":{"@context":"https:\/\/schema.org","@graph":[{"@type":"WebPage","@id":"http:\/\/www.aromas-institut.lu\/?page_id=102071","url":"http:\/\/www.aromas-institut.lu\/?page_id=102071","name":"Plan d'acc\u00e8s - Aromas - Institut de beaut\u00e9","isPartOf":{"@id":"https:\/\/www.aromas-institut.lu\/#website"},"datePublished":"2021-09-13T10:50:49+00:00","dateModified":"2021-09-13T16:20:59+00:00","breadcrumb":{"@id":"http:\/\/www.aromas-institut.lu\/?page_id=102071#breadcrumb"},"inLanguage":"fr-FR","potentialAction":[{"@type":"ReadAction","target":["http:\/\/www.aromas-institut.lu\/?page_id=102071"]}]},{"@type":"BreadcrumbList","@id":"http:\/\/www.aromas-institut.lu\/?page_id=102071#breadcrumb","itemListElement":[{"@type":"ListItem","position":1,"name":"Accueil","item":"https:\/\/www.aromas-institut.lu\/"},{"@type":"ListItem","position":2,"name":"Plan d&rsquo;acc\u00e8s"}]},{"@type":"WebSite","@id":"https:\/\/www.aromas-institut.lu\/#website","url":"https:\/\/www.aromas-institut.lu\/","name":"Aromas - institut de beaut\u00e9","description":"Differdange","publisher":{"@id":"https:\/\/www.aromas-institut.lu\/#organization"},"potentialAction":[{"@type":"SearchAction","target":{"@type":"EntryPoint","urlTemplate":"https:\/\/www.aromas-institut.lu\/?s={search_term_string}"},"query-input":"required name=search_term_string"}],"inLanguage":"fr-FR"},{"@type":"Organization","@id":"https:\/\/www.aromas-institut.lu\/#organization","name":"Aromas - institut de beaut\u00e9","url":"https:\/\/www.aromas-institut.lu\/","logo":{"@type":"ImageObject","inLanguage":"fr-FR","@id":"https:\/\/www.aromas-institut.lu\/#\/schema\/logo\/image\/","url":"http:\/\/www.aromas-institut.lu\/wp-content\/uploads\/2021\/08\/aromas.svg","contentUrl":"http:\/\/www.aromas-institut.lu\/wp-content\/uploads\/2021\/08\/aromas.svg","width":1,"height":1,"caption":"Aromas - institut de beaut\u00e9"},"image":{"@id":"https:\/\/www.aromas-institut.lu\/#\/schema\/logo\/image\/"}}]}},"_links":{"self":[{"href":"http:\/\/www.aromas-institut.lu\/index.php?rest_route=\/wp\/v2\/pages\/102071","targetHints":{"allow":["GET"]}}],"collection":[{"href":"http:\/\/www.aromas-institut.lu\/index.php?rest_route=\/wp\/v2\/pages"}],"about":[{"href":"http:\/\/www.aromas-institut.lu\/index.php?rest_route=\/wp\/v2\/types\/page"}],"author":[{"embeddable":true,"href":"http:\/\/www.aromas-institut.lu\/index.php?rest_route=\/wp\/v2\/users\/1"}],"replies":[{"embeddable":true,"href":"http:\/\/www.aromas-institut.lu\/index.php?rest_route=%2Fwp%2Fv2%2Fcomments&post=102071"}],"version-history":[{"count":18,"href":"http:\/\/www.aromas-institut.lu\/index.php?rest_route=\/wp\/v2\/pages\/102071\/revisions"}],"predecessor-version":[{"id":102106,"href":"http:\/\/www.aromas-institut.lu\/index.php?rest_route=\/wp\/v2\/pages\/102071\/revisions\/102106"}],"wp:attachment":[{"href":"http:\/\/www.aromas-institut.lu\/index.php?rest_route=%2Fwp%2Fv2%2Fmedia&parent=102071"}],"curies":[{"name":"wp","href":"https:\/\/api.w.org\/{rel}","templated":true}]}}